{"id":1617,"date":"2024-07-10T20:24:19","date_gmt":"2024-07-10T20:24:19","guid":{"rendered":"https:\/\/kantonfuari.com\/?page_id=1617"},"modified":"2024-07-10T20:35:35","modified_gmt":"2024-07-10T20:35:35","slug":"guangzhou-metro-haritasi","status":"publish","type":"page","link":"https:\/\/kantonfuari.com\/index.php\/guangzhou-metro-haritasi\/","title":{"rendered":"Guangzhou Metro Haritas\u0131"},"content":{"rendered":"\t\t<div data-elementor-type=\"wp-page\" data-elementor-id=\"1617\" class=\"elementor elementor-1617\">\n\t\t\t\t\t\t<section class=\"elementor-section elementor-top-section elementor-element elementor-element-65d90ca elementor-section-boxed elementor-section-height-default elementor-section-height-default\" data-id=\"65d90ca\" data-element_type=\"section\" data-e-type=\"section\">\n\t\t\t\t\t\t<div class=\"elementor-container elementor-column-gap-default\">\n\t\t\t\t\t<div class=\"elementor-column elementor-col-100 elementor-top-column elementor-element elementor-element-202920b\" data-id=\"202920b\" data-element_type=\"column\" data-e-type=\"column\">\n\t\t\t<div class=\"elementor-widget-wrap elementor-element-populated\">\n\t\t\t\t\t\t<div class=\"elementor-element elementor-element-eb479af elementor-widget elementor-widget-text-editor\" data-id=\"eb479af\" data-element_type=\"widget\" data-e-type=\"widget\" data-widget_type=\"text-editor.default\">\n\t\t\t\t<div class=\"elementor-widget-container\">\n\t\t\t\t\t\t\t\t\t<p>Otelimiz China Hotel&#8217;den fuara metro ile gitmek isteyenler, otelden yakla\u015f\u0131k 3 dk. y\u00fcr\u00fcyerek Line 2&#8217;deki Yuexiu Park istasyonundan metroya binerek 6 durak gittikten sonra Changang istasyonunda Line 8&#8217;e aktarma yap\u0131p Pazhou istasyonunda inmeleri gerekmektedir. Pazhou istasyonunun C kap\u0131s\u0131ndan \u00e7\u0131karak yakla\u015f\u0131k 5 dk&#8217;lik mesafe y\u00fcr\u00fcyerek fuar alan\u0131na ula\u015fabilirler.\u00a0<\/p>\t\t\t\t\t\t\t\t<\/div>\n\t\t\t\t<\/div>\n\t\t\t\t\t<\/div>\n\t\t<\/div>\n\t\t\t\t\t<\/div>\n\t\t<\/section>\n\t\t\t\t<section class=\"elementor-section elementor-top-section elementor-element elementor-element-fc4b62a elementor-section-full_width elementor-section-stretched elementor-section-height-default elementor-section-height-default\" data-id=\"fc4b62a\" data-element_type=\"section\" data-e-type=\"section\" data-settings=\"{&quot;stretch_section&quot;:&quot;section-stretched&quot;}\">\n\t\t\t\t\t\t<div class=\"elementor-container elementor-column-gap-default\">\n\t\t\t\t\t<div class=\"elementor-column elementor-col-100 elementor-top-column elementor-element elementor-element-074b72f\" data-id=\"074b72f\" data-element_type=\"column\" data-e-type=\"column\">\n\t\t\t<div class=\"elementor-widget-wrap elementor-element-populated\">\n\t\t\t\t\t\t<div class=\"elementor-element elementor-element-7f2de1d elementor-widget elementor-widget-image\" data-id=\"7f2de1d\" data-element_type=\"widget\" data-e-type=\"widget\" data-widget_type=\"image.default\">\n\t\t\t\t<div class=\"elementor-widget-container\">\n\t\t\t\t\t\t\t\t\t\t\t\t\t\t\t<img fetchpriority=\"high\" decoding=\"async\" width=\"2560\" height=\"2494\" src=\"https:\/\/kantonfuari.com\/wp-content\/uploads\/2024\/07\/guangzhou-metro-haritasi.png?wsr\" class=\"attachment-full size-full wp-image-1619\" alt=\"\" srcset=\"https:\/\/kantonfuari.com\/wp-content\/uploads\/2024\/07\/guangzhou-metro-haritasi.png 2560w, https:\/\/kantonfuari.com\/wp-content\/uploads\/2024\/07\/guangzhou-metro-haritasi-600x585.png 600w, https:\/\/kantonfuari.com\/wp-content\/uploads\/2024\/07\/guangzhou-metro-haritasi-1024x998.png 1024w, https:\/\/kantonfuari.com\/wp-content\/uploads\/2024\/07\/guangzhou-metro-haritasi-768x748.png 768w\" sizes=\"(max-width: 2560px) 100vw, 2560px\" \/>\t\t\t\t\t\t\t\t\t\t\t\t\t\t\t<\/div>\n\t\t\t\t<\/div>\n\t\t\t\t\t<\/div>\n\t\t<\/div>\n\t\t\t\t\t<\/div>\n\t\t<\/section>\n\t\t\t\t<\/div>\n\t\t","protected":false},"excerpt":{"rendered":"<p>Otelimiz China Hotel&#8217;den fuara metro ile gitmek isteyenler, otelden yakla\u015f\u0131k 3 dk. y\u00fcr\u00fcyerek Line 2&#8217;deki Yuexiu Park istasyonundan metroya binerek 6 durak gittikten sonra Changang istasyonunda Line 8&#8217;e aktarma yap\u0131p [&hellip;]<\/p>\n","protected":false},"author":2,"featured_media":0,"parent":0,"menu_order":0,"comment_status":"closed","ping_status":"closed","template":"","meta":{"footnotes":""},"class_list":["post-1617","page","type-page","status-publish","hentry"],"yoast_head":"<!-- This site is optimized with the Yoast SEO Premium plugin v26.8 (Yoast SEO v27.5) - https:\/\/yoast.com\/product\/yoast-seo-premium-wordpress\/ -->\n<title>Guangzhou Metro Haritas\u0131 - Kanton Fuar\u0131 | \u00c7in \u0130thal \u0130hra\u00e7 Mallar\u0131 Fuar\u0131<\/title>\n<meta name=\"description\" content=\"Kanton Fuar\u0131, \u00c7in vizesi, u\u00e7ak bileti ve fuar organizasyonu i\u00e7in Ligarba Turizm\u2019e ba\u015fvurun. 30 y\u0131ll\u0131k tecr\u00fcbemiz ile yan\u0131n\u0131zday\u0131z.\" \/>\n<meta name=\"robots\" content=\"index, follow, max-snippet:-1, max-image-preview:large, max-video-preview:-1\" \/>\n<link rel=\"canonical\" href=\"https:\/\/kantonfuari.com\/index.php\/guangzhou-metro-haritasi\/\" \/>\n<meta property=\"og:locale\" content=\"en_US\" \/>\n<meta property=\"og:type\" content=\"article\" \/>\n<meta property=\"og:title\" content=\"Guangzhou Metro Haritas\u0131\" \/>\n<meta property=\"og:description\" content=\"Kanton Fuar\u0131, \u00c7in vizesi ve seyahat organizasyonlar\u0131 i\u00e7in hizmetinizdeyiz. 30 Y\u0131ll\u0131k pazar tecr\u00fcbemiz ile yan\u0131n\u0131zday\u0131z.\" \/>\n<meta property=\"og:url\" content=\"https:\/\/kantonfuari.com\/index.php\/guangzhou-metro-haritasi\/\" \/>\n<meta property=\"og:site_name\" content=\"Kanton Fuar\u0131 | \u00c7in \u0130thal \u0130hra\u00e7 Mallar\u0131 Fuar\u0131\" \/>\n<meta property=\"article:publisher\" content=\"https:\/\/www.facebook.com\/LigarbaTravel\/\" \/>\n<meta property=\"article:modified_time\" content=\"2024-07-10T20:35:35+00:00\" \/>\n<meta property=\"og:image\" content=\"https:\/\/kantonfuari.com\/wp-content\/uploads\/2024\/07\/guangzhou-metro-haritasi.png\" \/>\n<meta name=\"twitter:card\" content=\"summary_large_image\" \/>\n<meta name=\"twitter:site\" content=\"@ligarbatravel\" \/>\n<meta name=\"twitter:label1\" content=\"Est. reading time\" \/>\n\t<meta name=\"twitter:data1\" content=\"1 minute\" \/>\n<script type=\"application\/ld+json\" class=\"yoast-schema-graph\">{\"@context\":\"https:\\\/\\\/schema.org\",\"@graph\":[{\"@type\":\"WebPage\",\"@id\":\"https:\\\/\\\/kantonfuari.com\\\/index.php\\\/guangzhou-metro-haritasi\\\/\",\"url\":\"https:\\\/\\\/kantonfuari.com\\\/index.php\\\/guangzhou-metro-haritasi\\\/\",\"name\":\"Guangzhou Metro Haritas\u0131 - Kanton Fuar\u0131 | \u00c7in \u0130thal \u0130hra\u00e7 Mallar\u0131 Fuar\u0131\",\"isPartOf\":{\"@id\":\"https:\\\/\\\/kantonfuari.com\\\/#website\"},\"primaryImageOfPage\":{\"@id\":\"https:\\\/\\\/kantonfuari.com\\\/index.php\\\/guangzhou-metro-haritasi\\\/#primaryimage\"},\"image\":{\"@id\":\"https:\\\/\\\/kantonfuari.com\\\/index.php\\\/guangzhou-metro-haritasi\\\/#primaryimage\"},\"thumbnailUrl\":\"https:\\\/\\\/kantonfuari.com\\\/wp-content\\\/uploads\\\/2024\\\/07\\\/guangzhou-metro-haritasi.png\",\"datePublished\":\"2024-07-10T20:24:19+00:00\",\"dateModified\":\"2024-07-10T20:35:35+00:00\",\"description\":\"Kanton Fuar\u0131, \u00c7in vizesi, u\u00e7ak bileti ve fuar organizasyonu i\u00e7in Ligarba Turizm\u2019e ba\u015fvurun. 30 y\u0131ll\u0131k tecr\u00fcbemiz ile yan\u0131n\u0131zday\u0131z.\",\"breadcrumb\":{\"@id\":\"https:\\\/\\\/kantonfuari.com\\\/index.php\\\/guangzhou-metro-haritasi\\\/#breadcrumb\"},\"inLanguage\":\"en-US\",\"potentialAction\":[{\"@type\":\"ReadAction\",\"target\":[\"https:\\\/\\\/kantonfuari.com\\\/index.php\\\/guangzhou-metro-haritasi\\\/\"]}]},{\"@type\":\"ImageObject\",\"inLanguage\":\"en-US\",\"@id\":\"https:\\\/\\\/kantonfuari.com\\\/index.php\\\/guangzhou-metro-haritasi\\\/#primaryimage\",\"url\":\"https:\\\/\\\/kantonfuari.com\\\/wp-content\\\/uploads\\\/2024\\\/07\\\/guangzhou-metro-haritasi.png?wsr\",\"contentUrl\":\"https:\\\/\\\/kantonfuari.com\\\/wp-content\\\/uploads\\\/2024\\\/07\\\/guangzhou-metro-haritasi.png?wsr\",\"width\":2560,\"height\":2494},{\"@type\":\"BreadcrumbList\",\"@id\":\"https:\\\/\\\/kantonfuari.com\\\/index.php\\\/guangzhou-metro-haritasi\\\/#breadcrumb\",\"itemListElement\":[{\"@type\":\"ListItem\",\"position\":1,\"name\":\"Anasayfa\",\"item\":\"https:\\\/\\\/kantonfuari.com\\\/\"},{\"@type\":\"ListItem\",\"position\":2,\"name\":\"Guangzhou Metro Haritas\u0131\"}]},{\"@type\":\"WebSite\",\"@id\":\"https:\\\/\\\/kantonfuari.com\\\/#website\",\"url\":\"https:\\\/\\\/kantonfuari.com\\\/\",\"name\":\"Kanton Fuar\u0131 | \u00c7in \u0130thal \u0130hra\u00e7 Mallar\u0131 Fuar\u0131\",\"description\":\"\u00c7in Guangzhou Kanton Fuar\u0131\",\"publisher\":{\"@id\":\"https:\\\/\\\/kantonfuari.com\\\/#organization\"},\"potentialAction\":[{\"@type\":\"SearchAction\",\"target\":{\"@type\":\"EntryPoint\",\"urlTemplate\":\"https:\\\/\\\/kantonfuari.com\\\/?s={search_term_string}\"},\"query-input\":{\"@type\":\"PropertyValueSpecification\",\"valueRequired\":true,\"valueName\":\"search_term_string\"}}],\"inLanguage\":\"en-US\"},{\"@type\":[\"Organization\",\"Place\",\"TravelAgency\"],\"@id\":\"https:\\\/\\\/kantonfuari.com\\\/#organization\",\"name\":\"Ligarba Turizm Tic. San. Ltd. \u015eti.\",\"url\":\"https:\\\/\\\/kantonfuari.com\\\/\",\"logo\":{\"@id\":\"https:\\\/\\\/kantonfuari.com\\\/index.php\\\/guangzhou-metro-haritasi\\\/#local-main-organization-logo\"},\"image\":{\"@id\":\"https:\\\/\\\/kantonfuari.com\\\/index.php\\\/guangzhou-metro-haritasi\\\/#local-main-organization-logo\"},\"sameAs\":[\"https:\\\/\\\/www.facebook.com\\\/LigarbaTravel\\\/\",\"https:\\\/\\\/x.com\\\/ligarbatravel\",\"https:\\\/\\\/mastodon.social\\\/@ligarba\",\"https:\\\/\\\/www.youtube.com\\\/LigarbaTur\",\"https:\\\/\\\/www.instagram.com\\\/ligarbatravel\\\/\"],\"description\":\"Bu web sitesi, Ligarba Turizm taraf\u0131ndan haz\u0131rlanm\u0131\u015f olup, \u00c7in Kanton Fuar\u0131 (Canton Fair) hakk\u0131nda kapsaml\u0131 ve g\u00fcncel bilgiler sunmak amac\u0131yla olu\u015fturulmu\u015ftur. Site, Kanton Fuar\u0131\u2019n\u0131 ziyaret etmek isteyen i\u015f insanlar\u0131, ithalat\u00e7\u0131lar ve sekt\u00f6r profesyonelleri i\u00e7in rehber niteli\u011finde i\u00e7erikler sunmaktad\u0131r. Sitede; Kanton Fuar\u0131 sekt\u00f6rleri, fuar\u0131n 1., 2. ve 3. fazlar\u0131nda sergilenen \u00fcr\u00fcn gruplar\u0131, fuar tarihleri, ziyaret s\u00fcre\u00e7leri, tur programlar\u0131 ve fuar alan\u0131ndan \u00e7ekilmi\u015f ger\u00e7ek videolar yer almaktad\u0131r. T\u00fcm i\u00e7erikler, Kanton Fuar\u0131\u2019n\u0131 sahada deneyimlemi\u015f profesyonel bir organizasyonun bilgi ve tecr\u00fcbesine dayanmaktad\u0131r. Kantonfuari.com, ziyaret\u00e7ilerin do\u011fru sekt\u00f6r\u00fc, do\u011fru d\u00f6nemi ve do\u011fru fuar planlamas\u0131n\u0131 yapabilmesini hedefler. Yay\u0131nlanan videolar ve i\u00e7erikler, Kanton Fuar\u0131\u2019n\u0131 daha \u00f6nce ziyaret etmi\u015f kat\u0131l\u0131mc\u0131lar\u0131n ger\u00e7ek deneyimlerine ve fuar alan\u0131ndaki g\u00fcncel g\u00f6zlemlere dayanmaktad\u0131r. Site, Kanton Fuar\u0131 ile ilgili g\u00fcvenilir ve T\u00fcrk\u00e7e bir ba\u015fvuru kayna\u011f\u0131 olu\u015fturmay\u0131 ama\u00e7larken, ayn\u0131 zamanda fuara kat\u0131lmak isteyen ziyaret\u00e7ilere planlama, bilgilendirme ve organizasyon deste\u011fi sunmaktad\u0131r.\",\"legalName\":\"Ligarba Turizm Ticaret San. Ltd. \u015eti.\",\"foundingDate\":\"1994-01-01\",\"numberOfEmployees\":{\"@type\":\"QuantitativeValue\",\"minValue\":\"51\",\"maxValue\":\"200\"},\"address\":{\"@id\":\"https:\\\/\\\/kantonfuari.com\\\/index.php\\\/guangzhou-metro-haritasi\\\/#local-main-place-address\"},\"geo\":{\"@type\":\"GeoCoordinates\",\"latitude\":\"41.0505933811192\",\"longitude\":\"28.98740161231163\"},\"telephone\":[\"+902122917373\",\"+905323247805\"],\"contactPoint\":{\"@type\":\"ContactPoint\",\"telephone\":\"+902122917373\",\"email\":\"info@ligarbatravel.com\"},\"openingHoursSpecification\":[{\"@type\":\"OpeningHoursSpecification\",\"dayOfWeek\":[\"Monday\",\"Tuesday\",\"Wednesday\",\"Thursday\",\"Friday\"],\"opens\":\"09:00\",\"closes\":\"18:30\"},{\"@type\":\"OpeningHoursSpecification\",\"dayOfWeek\":[\"Saturday\"],\"opens\":\"09:00\",\"closes\":\"14:00\"},{\"@type\":\"OpeningHoursSpecification\",\"dayOfWeek\":[\"Sunday\"],\"opens\":\"00:00\",\"closes\":\"00:00\"}],\"email\":\"info@ligarbatravel.com\",\"areaServed\":\"T\u00fcrkiye\",\"vatID\":\"6400096889\",\"priceRange\":\"$$\",\"currenciesAccepted\":\"TL USD EUR RMB\",\"paymentAccepted\":\"Nakit Kredi Kart\u0131\"},{\"@type\":\"PostalAddress\",\"@id\":\"https:\\\/\\\/kantonfuari.com\\\/index.php\\\/guangzhou-metro-haritasi\\\/#local-main-place-address\",\"streetAddress\":\"Halaskargazi Cad. M\u0131s\u0131rl\u0131 Plaza 51\\\/A Harbiye \u015ei\u015fli\",\"addressLocality\":\"\u0130stanbul\",\"postalCode\":\"34373\",\"addressCountry\":\"TR\"},{\"@type\":\"ImageObject\",\"inLanguage\":\"en-US\",\"@id\":\"https:\\\/\\\/kantonfuari.com\\\/index.php\\\/guangzhou-metro-haritasi\\\/#local-main-organization-logo\",\"url\":\"https:\\\/\\\/kantonfuari.com\\\/wp-content\\\/uploads\\\/2026\\\/02\\\/ligarba-turizm-logo.png?wsr\",\"contentUrl\":\"https:\\\/\\\/kantonfuari.com\\\/wp-content\\\/uploads\\\/2026\\\/02\\\/ligarba-turizm-logo.png?wsr\",\"width\":512,\"height\":512,\"caption\":\"Ligarba Turizm Tic. San. Ltd. \u015eti.\"}]}<\/script>\n<meta name=\"geo.placename\" content=\"\u0130stanbul\" \/>\n<meta name=\"geo.position\" content=\"41.0505933811192;28.98740161231163\" \/>\n<meta name=\"geo.region\" content=\"Turkey\" \/>\n<!-- \/ Yoast SEO Premium plugin. -->","yoast_head_json":{"title":"Guangzhou Metro Haritas\u0131 - Kanton Fuar\u0131 | \u00c7in \u0130thal \u0130hra\u00e7 Mallar\u0131 Fuar\u0131","description":"Kanton Fuar\u0131, \u00c7in vizesi, u\u00e7ak bileti ve fuar organizasyonu i\u00e7in Ligarba Turizm\u2019e ba\u015fvurun. 30 y\u0131ll\u0131k tecr\u00fcbemiz ile yan\u0131n\u0131zday\u0131z.","robots":{"index":"index","follow":"follow","max-snippet":"max-snippet:-1","max-image-preview":"max-image-preview:large","max-video-preview":"max-video-preview:-1"},"canonical":"https:\/\/kantonfuari.com\/index.php\/guangzhou-metro-haritasi\/","og_locale":"en_US","og_type":"article","og_title":"Guangzhou Metro Haritas\u0131","og_description":"Kanton Fuar\u0131, \u00c7in vizesi ve seyahat organizasyonlar\u0131 i\u00e7in hizmetinizdeyiz. 30 Y\u0131ll\u0131k pazar tecr\u00fcbemiz ile yan\u0131n\u0131zday\u0131z.","og_url":"https:\/\/kantonfuari.com\/index.php\/guangzhou-metro-haritasi\/","og_site_name":"Kanton Fuar\u0131 | \u00c7in \u0130thal \u0130hra\u00e7 Mallar\u0131 Fuar\u0131","article_publisher":"https:\/\/www.facebook.com\/LigarbaTravel\/","article_modified_time":"2024-07-10T20:35:35+00:00","og_image":[{"url":"https:\/\/kantonfuari.com\/wp-content\/uploads\/2024\/07\/guangzhou-metro-haritasi.png","type":"","width":"","height":""}],"twitter_card":"summary_large_image","twitter_site":"@ligarbatravel","twitter_misc":{"Est. reading time":"1 minute"},"schema":{"@context":"https:\/\/schema.org","@graph":[{"@type":"WebPage","@id":"https:\/\/kantonfuari.com\/index.php\/guangzhou-metro-haritasi\/","url":"https:\/\/kantonfuari.com\/index.php\/guangzhou-metro-haritasi\/","name":"Guangzhou Metro Haritas\u0131 - Kanton Fuar\u0131 | \u00c7in \u0130thal \u0130hra\u00e7 Mallar\u0131 Fuar\u0131","isPartOf":{"@id":"https:\/\/kantonfuari.com\/#website"},"primaryImageOfPage":{"@id":"https:\/\/kantonfuari.com\/index.php\/guangzhou-metro-haritasi\/#primaryimage"},"image":{"@id":"https:\/\/kantonfuari.com\/index.php\/guangzhou-metro-haritasi\/#primaryimage"},"thumbnailUrl":"https:\/\/kantonfuari.com\/wp-content\/uploads\/2024\/07\/guangzhou-metro-haritasi.png","datePublished":"2024-07-10T20:24:19+00:00","dateModified":"2024-07-10T20:35:35+00:00","description":"Kanton Fuar\u0131, \u00c7in vizesi, u\u00e7ak bileti ve fuar organizasyonu i\u00e7in Ligarba Turizm\u2019e ba\u015fvurun. 30 y\u0131ll\u0131k tecr\u00fcbemiz ile yan\u0131n\u0131zday\u0131z.","breadcrumb":{"@id":"https:\/\/kantonfuari.com\/index.php\/guangzhou-metro-haritasi\/#breadcrumb"},"inLanguage":"en-US","potentialAction":[{"@type":"ReadAction","target":["https:\/\/kantonfuari.com\/index.php\/guangzhou-metro-haritasi\/"]}]},{"@type":"ImageObject","inLanguage":"en-US","@id":"https:\/\/kantonfuari.com\/index.php\/guangzhou-metro-haritasi\/#primaryimage","url":"https:\/\/kantonfuari.com\/wp-content\/uploads\/2024\/07\/guangzhou-metro-haritasi.png?wsr","contentUrl":"https:\/\/kantonfuari.com\/wp-content\/uploads\/2024\/07\/guangzhou-metro-haritasi.png?wsr","width":2560,"height":2494},{"@type":"BreadcrumbList","@id":"https:\/\/kantonfuari.com\/index.php\/guangzhou-metro-haritasi\/#breadcrumb","itemListElement":[{"@type":"ListItem","position":1,"name":"Anasayfa","item":"https:\/\/kantonfuari.com\/"},{"@type":"ListItem","position":2,"name":"Guangzhou Metro Haritas\u0131"}]},{"@type":"WebSite","@id":"https:\/\/kantonfuari.com\/#website","url":"https:\/\/kantonfuari.com\/","name":"Kanton Fuar\u0131 | \u00c7in \u0130thal \u0130hra\u00e7 Mallar\u0131 Fuar\u0131","description":"\u00c7in Guangzhou Kanton Fuar\u0131","publisher":{"@id":"https:\/\/kantonfuari.com\/#organization"},"potentialAction":[{"@type":"SearchAction","target":{"@type":"EntryPoint","urlTemplate":"https:\/\/kantonfuari.com\/?s={search_term_string}"},"query-input":{"@type":"PropertyValueSpecification","valueRequired":true,"valueName":"search_term_string"}}],"inLanguage":"en-US"},{"@type":["Organization","Place","TravelAgency"],"@id":"https:\/\/kantonfuari.com\/#organization","name":"Ligarba Turizm Tic. San. Ltd. \u015eti.","url":"https:\/\/kantonfuari.com\/","logo":{"@id":"https:\/\/kantonfuari.com\/index.php\/guangzhou-metro-haritasi\/#local-main-organization-logo"},"image":{"@id":"https:\/\/kantonfuari.com\/index.php\/guangzhou-metro-haritasi\/#local-main-organization-logo"},"sameAs":["https:\/\/www.facebook.com\/LigarbaTravel\/","https:\/\/x.com\/ligarbatravel","https:\/\/mastodon.social\/@ligarba","https:\/\/www.youtube.com\/LigarbaTur","https:\/\/www.instagram.com\/ligarbatravel\/"],"description":"Bu web sitesi, Ligarba Turizm taraf\u0131ndan haz\u0131rlanm\u0131\u015f olup, \u00c7in Kanton Fuar\u0131 (Canton Fair) hakk\u0131nda kapsaml\u0131 ve g\u00fcncel bilgiler sunmak amac\u0131yla olu\u015fturulmu\u015ftur. Site, Kanton Fuar\u0131\u2019n\u0131 ziyaret etmek isteyen i\u015f insanlar\u0131, ithalat\u00e7\u0131lar ve sekt\u00f6r profesyonelleri i\u00e7in rehber niteli\u011finde i\u00e7erikler sunmaktad\u0131r. Sitede; Kanton Fuar\u0131 sekt\u00f6rleri, fuar\u0131n 1., 2. ve 3. fazlar\u0131nda sergilenen \u00fcr\u00fcn gruplar\u0131, fuar tarihleri, ziyaret s\u00fcre\u00e7leri, tur programlar\u0131 ve fuar alan\u0131ndan \u00e7ekilmi\u015f ger\u00e7ek videolar yer almaktad\u0131r. T\u00fcm i\u00e7erikler, Kanton Fuar\u0131\u2019n\u0131 sahada deneyimlemi\u015f profesyonel bir organizasyonun bilgi ve tecr\u00fcbesine dayanmaktad\u0131r. Kantonfuari.com, ziyaret\u00e7ilerin do\u011fru sekt\u00f6r\u00fc, do\u011fru d\u00f6nemi ve do\u011fru fuar planlamas\u0131n\u0131 yapabilmesini hedefler. Yay\u0131nlanan videolar ve i\u00e7erikler, Kanton Fuar\u0131\u2019n\u0131 daha \u00f6nce ziyaret etmi\u015f kat\u0131l\u0131mc\u0131lar\u0131n ger\u00e7ek deneyimlerine ve fuar alan\u0131ndaki g\u00fcncel g\u00f6zlemlere dayanmaktad\u0131r. Site, Kanton Fuar\u0131 ile ilgili g\u00fcvenilir ve T\u00fcrk\u00e7e bir ba\u015fvuru kayna\u011f\u0131 olu\u015fturmay\u0131 ama\u00e7larken, ayn\u0131 zamanda fuara kat\u0131lmak isteyen ziyaret\u00e7ilere planlama, bilgilendirme ve organizasyon deste\u011fi sunmaktad\u0131r.","legalName":"Ligarba Turizm Ticaret San. Ltd. \u015eti.","foundingDate":"1994-01-01","numberOfEmployees":{"@type":"QuantitativeValue","minValue":"51","maxValue":"200"},"address":{"@id":"https:\/\/kantonfuari.com\/index.php\/guangzhou-metro-haritasi\/#local-main-place-address"},"geo":{"@type":"GeoCoordinates","latitude":"41.0505933811192","longitude":"28.98740161231163"},"telephone":["+902122917373","+905323247805"],"contactPoint":{"@type":"ContactPoint","telephone":"+902122917373","email":"info@ligarbatravel.com"},"openingHoursSpecification":[{"@type":"OpeningHoursSpecification","dayOfWeek":["Monday","Tuesday","Wednesday","Thursday","Friday"],"opens":"09:00","closes":"18:30"},{"@type":"OpeningHoursSpecification","dayOfWeek":["Saturday"],"opens":"09:00","closes":"14:00"},{"@type":"OpeningHoursSpecification","dayOfWeek":["Sunday"],"opens":"00:00","closes":"00:00"}],"email":"info@ligarbatravel.com","areaServed":"T\u00fcrkiye","vatID":"6400096889","priceRange":"$$","currenciesAccepted":"TL USD EUR RMB","paymentAccepted":"Nakit Kredi Kart\u0131"},{"@type":"PostalAddress","@id":"https:\/\/kantonfuari.com\/index.php\/guangzhou-metro-haritasi\/#local-main-place-address","streetAddress":"Halaskargazi Cad. M\u0131s\u0131rl\u0131 Plaza 51\/A Harbiye \u015ei\u015fli","addressLocality":"\u0130stanbul","postalCode":"34373","addressCountry":"TR"},{"@type":"ImageObject","inLanguage":"en-US","@id":"https:\/\/kantonfuari.com\/index.php\/guangzhou-metro-haritasi\/#local-main-organization-logo","url":"https:\/\/kantonfuari.com\/wp-content\/uploads\/2026\/02\/ligarba-turizm-logo.png?wsr","contentUrl":"https:\/\/kantonfuari.com\/wp-content\/uploads\/2026\/02\/ligarba-turizm-logo.png?wsr","width":512,"height":512,"caption":"Ligarba Turizm Tic. San. Ltd. \u015eti."}]},"geo.placename":"\u0130stanbul","geo.position":{"lat":"41.0505933811192","long":"28.98740161231163"},"geo.region":"Turkey"},"_links":{"self":[{"href":"https:\/\/kantonfuari.com\/index.php\/wp-json\/wp\/v2\/pages\/1617","targetHints":{"allow":["GET"]}}],"collection":[{"href":"https:\/\/kantonfuari.com\/index.php\/wp-json\/wp\/v2\/pages"}],"about":[{"href":"https:\/\/kantonfuari.com\/index.php\/wp-json\/wp\/v2\/types\/page"}],"author":[{"embeddable":true,"href":"https:\/\/kantonfuari.com\/index.php\/wp-json\/wp\/v2\/users\/2"}],"replies":[{"embeddable":true,"href":"https:\/\/kantonfuari.com\/index.php\/wp-json\/wp\/v2\/comments?post=1617"}],"version-history":[{"count":10,"href":"https:\/\/kantonfuari.com\/index.php\/wp-json\/wp\/v2\/pages\/1617\/revisions"}],"predecessor-version":[{"id":1628,"href":"https:\/\/kantonfuari.com\/index.php\/wp-json\/wp\/v2\/pages\/1617\/revisions\/1628"}],"wp:attachment":[{"href":"https:\/\/kantonfuari.com\/index.php\/wp-json\/wp\/v2\/media?parent=1617"}],"curies":[{"name":"wp","href":"https:\/\/api.w.org\/{rel}","templated":true}]}}